{"id":3416,"date":"2020-03-27T10:15:34","date_gmt":"2020-03-27T14:15:34","guid":{"rendered":"http:\/\/nanoqam.ca\/wp\/?page_id=3416"},"modified":"2025-03-24T09:15:41","modified_gmt":"2025-03-24T13:15:41","slug":"david-dewez","status":"publish","type":"page","link":"https:\/\/nanoqam.ca\/wp\/equipe\/david-dewez\/","title":{"rendered":"David Dewez"},"content":{"rendered":"<div class=\"fusion-fullwidth fullwidth-box fusion-builder-row-1 nonhundred-percent-fullwidth non-hundred-percent-height-scrolling\"  style='background-color: rgba(255,255,255,0);background-position: center center;background-repeat: no-repeat;padding-top:100px;padding-right:30px;padding-bottom:100px;padding-left:30px;'><div class=\"fusion-builder-row fusion-row \"><div  class=\"fusion-layout-column fusion_builder_column fusion_builder_column_1_4 fusion-builder-column-0 fusion-one-fourth fusion-column-first 1_4\"  style='margin-top:0px;margin-bottom:0px;width:25%;width:calc(25% - ( ( 4% ) * 0.25 ) );margin-right: 4%;'><div class=\"fusion-column-wrapper\" style=\"padding: 0px 0px 0px 0px;background-position:left top;background-repeat:no-repeat;-webkit-background-size:cover;-moz-background-size:cover;-o-background-size:cover;background-size:cover;\"   data-bg-url=\"\"><span class=\"fusion-imageframe imageframe-none imageframe-1 hover-type-none instrument-img-class\"><img loading=\"lazy\" decoding=\"async\" src=\"https:\/\/nanoqam.ca\/wp\/wp-content\/uploads\/2020\/03\/HQJ2L9lP7OI_.jpg\" width=\"270\" height=\"360\" alt=\"\" title=\"HQJ2L9lP7OI_\" class=\"img-responsive wp-image-2201\" srcset=\"https:\/\/nanoqam.ca\/wp\/wp-content\/uploads\/2020\/03\/HQJ2L9lP7OI_-200x267.jpg 200w, https:\/\/nanoqam.ca\/wp\/wp-content\/uploads\/2020\/03\/HQJ2L9lP7OI_.jpg 270w\" sizes=\"auto, (max-width: 1024px) 100vw, 270px\" \/><\/span><div class=\"fusion-text\"><p><strong>Membre r\u00e9gulier<\/strong><br \/>\nUniversit\u00e9 du Qu\u00e9bec \u00e0 Montr\u00e9al<br \/>\nChimie<br \/>\n(514) 987-3000 poste: 3278<\/p>\n<\/div><div class=\"fusion-text\"><p><a href=\"mailto:dewez.david@uqam.ca\" target=\"_blank\" rel=\"noopener noreferrer\" data-placement=\"top\" data-title=\"Courriel\" data-toggle=\"tooltip\"><img loading=\"lazy\" decoding=\"async\" class=\"alignnone size-full wp-image-3276\" src=\"https:\/\/nanoqam.ca\/wp\/wp-content\/uploads\/2020\/03\/courriel.png\" alt=\"Courriel\" width=\"32\" height=\"32\" \/><\/a>\u00a0 <a href=\"https:\/\/professeurs.uqam.ca\/professeur\/dewez.david\/\" target=\"_blank\" rel=\"noopener noreferrer\" data-placement=\"top\" data-title=\"Site Web\" data-toggle=\"tooltip\"><img loading=\"lazy\" decoding=\"async\" class=\"alignnone size-full wp-image-3281\" src=\"https:\/\/nanoqam.ca\/wp\/wp-content\/uploads\/2020\/03\/website.png\" alt=\"Site Web\" width=\"32\" height=\"32\" \/><\/a> \u00a0<a href=\"https:\/\/www.scopus.com\/authid\/detail.uri?authorId=6507351181\" target=\"_blank\" rel=\"noopener noreferrer\" data-placement=\"top\" data-title=\"Scopus\" data-toggle=\"tooltip\"><img loading=\"lazy\" decoding=\"async\" class=\"alignnone size-full wp-image-3283\" src=\"https:\/\/nanoqam.ca\/wp\/wp-content\/uploads\/2020\/03\/scopus.png\" alt=\"Scopus\" width=\"32\" height=\"32\" \/><\/a>\u00a0 <a href=\"https:\/\/scholar.google.fr\/scholar?q=dewez+david\" target=\"_blank\" rel=\"noopener noreferrer\" data-placement=\"top\" data-title=\"Google Scholar\" data-toggle=\"tooltip\"><img loading=\"lazy\" decoding=\"async\" class=\"alignnone wp-image-3287 size-full\" src=\"https:\/\/nanoqam.ca\/wp\/wp-content\/uploads\/2020\/03\/gscholar2.png\" alt=\"\" width=\"32\" height=\"32\" \/><\/a><\/p>\n<\/div><div class=\"fusion-clearfix\"><\/div><\/div><\/div><div  class=\"fusion-layout-column fusion_builder_column fusion_builder_column_3_4 fusion-builder-column-1 fusion-three-fourth fusion-column-last 3_4\"  style='margin-top:0px;margin-bottom:0px;width:75%;width:calc(75% - ( ( 4% ) * 0.75 ) );'><div class=\"fusion-column-wrapper\" style=\"padding: 0px 0px 0px 0px;background-position:left top;background-repeat:no-repeat;-webkit-background-size:cover;-moz-background-size:cover;-o-background-size:cover;background-size:cover;\"   data-bg-url=\"\"><style type=\"text\/css\"><\/style><div class=\"fusion-title title fusion-title-1 fusion-sep-none fusion-title-text fusion-title-size-one\" style=\"margin-top:0px;margin-bottom:31px;\"><h1 class=\"title-heading-left\" style=\"margin:0;\"><h2>David Dewez<\/h2><\/h1><\/div><style type=\"text\/css\"><\/style><div class=\"fusion-title title fusion-title-2 fusion-sep-none fusion-title-text fusion-title-size-one\" style=\"margin-top:0px;margin-bottom:31px;\"><h1 class=\"title-heading-left\" style=\"margin:0;\"><h4>Axes de recherche<\/h4><\/h1><\/div><ul class=\"fusion-checklist fusion-checklist-1\" style=\"font-size:14px;line-height:23.8px;\"><li class=\"fusion-li-item\"><span style=\"height:23.8px;width:23.8px;margin-right:9.8px;\" class=\"icon-wrapper circle-no\"><i class=\"fusion-li-icon fa-flask fas\" style=\"color:#25afb4;\"><\/i><\/span><div class=\"fusion-li-item-content\" style=\"margin-left:33.6px;\"><strong>Chimie verte<\/strong><\/div><\/li><\/ul><style type=\"text\/css\"><\/style><div class=\"fusion-title title fusion-title-3 fusion-sep-none fusion-title-text fusion-title-size-one\" style=\"margin-top:60px;margin-bottom:31px;\"><h1 class=\"title-heading-left\" style=\"margin:0;\"><h4>Domaines d&rsquo;expertise<\/h4><\/h1><\/div><div class=\"fusion-builder-row fusion-builder-row-inner fusion-row \"><div  class=\"fusion-layout-column fusion_builder_column fusion_builder_column_1_2 fusion-builder-nested-column-1 fusion-one-half fusion-column-first 1_2\"  style='margin-top: 0px;margin-bottom: 0px;width:50%;width:calc(50% - ( ( 4% ) * 0.5 ) );margin-right:4%;'>\n\t\t\t\t\t<div class=\"fusion-column-wrapper fusion-column-wrapper-1\" style=\"padding: 0px 0px 0px 0px;background-position:left top;background-repeat:no-repeat;-webkit-background-size:cover;-moz-background-size:cover;-o-background-size:cover;background-size:cover;\" data-bg-url=\"\">\n\t\t\t\t\t\t<ul class=\"fusion-checklist fusion-checklist-2\" style=\"font-size:14px;line-height:23.8px;\"><li class=\"fusion-li-item\"><span style=\"height:23.8px;width:23.8px;margin-right:9.8px;\" class=\"icon-wrapper circle-no\"><i class=\"fusion-li-icon fa-flask fas\" style=\"color:#25afb4;\"><\/i><\/span><div class=\"fusion-li-item-content\" style=\"margin-left:33.6px;\">\n<p><strong>Biochimie<\/strong><\/p>\n<\/div><\/li><li class=\"fusion-li-item\"><span style=\"height:23.8px;width:23.8px;margin-right:9.8px;\" class=\"icon-wrapper circle-no\"><i class=\"fusion-li-icon fa-flask fas\" style=\"color:#25afb4;\"><\/i><\/span><div class=\"fusion-li-item-content\" style=\"margin-left:33.6px;\">\n<p><strong>Toxicologie cellulaire<\/strong><\/p>\n<\/div><\/li><li class=\"fusion-li-item\"><span style=\"height:23.8px;width:23.8px;margin-right:9.8px;\" class=\"icon-wrapper circle-no\"><i class=\"fusion-li-icon fa-flask fas\" style=\"color:#25afb4;\"><\/i><\/span><div class=\"fusion-li-item-content\" style=\"margin-left:33.6px;\">\n<p><strong>Chimie environnementale<\/strong><\/p>\n<\/div><\/li><\/ul>\n\n\t\t\t\t\t<\/div>\n\t\t\t\t<\/div><div  class=\"fusion-layout-column fusion_builder_column fusion_builder_column_1_2 fusion-builder-nested-column-2 fusion-one-half fusion-column-last 1_2\"  style='margin-top: 0px;margin-bottom: 0px;width:50%;width:calc(50% - ( ( 4% ) * 0.5 ) );'>\n\t\t\t\t\t<div class=\"fusion-column-wrapper fusion-column-wrapper-2\" style=\"padding: 0px 0px 0px 0px;background-position:left top;background-repeat:no-repeat;-webkit-background-size:cover;-moz-background-size:cover;-o-background-size:cover;background-size:cover;\" data-bg-url=\"\">\n\t\t\t\t\t\t<ul class=\"fusion-checklist fusion-checklist-3\" style=\"font-size:14px;line-height:23.8px;\"><li class=\"fusion-li-item\"><span style=\"height:23.8px;width:23.8px;margin-right:9.8px;\" class=\"icon-wrapper circle-no\"><i class=\"fusion-li-icon fa-flask fas\" style=\"color:#25afb4;\"><\/i><\/span><div class=\"fusion-li-item-content\" style=\"margin-left:33.6px;\"><strong>Biochimie des algues vertes<\/strong><\/div><\/li><li class=\"fusion-li-item\"><span style=\"height:23.8px;width:23.8px;margin-right:9.8px;\" class=\"icon-wrapper circle-no\"><i class=\"fusion-li-icon fa-flask fas\" style=\"color:#25afb4;\"><\/i><\/span><div class=\"fusion-li-item-content\" style=\"margin-left:33.6px;\">\n<p><strong>Biotechnologie algale<\/strong><\/p>\n<\/div><\/li><\/ul>\n\n\t\t\t\t\t<\/div>\n\t\t\t\t<\/div><\/div><style type=\"text\/css\"><\/style><div class=\"fusion-title title fusion-title-4 fusion-sep-none fusion-title-text fusion-title-size-one\" style=\"margin-top:0px;margin-bottom:31px;\"><h1 class=\"title-heading-left\" style=\"margin:0;\"><\/h1><\/div><div class=\"fusion-button-wrapper fusion-aligncenter\"><style type=\"text\/css\">.fusion-button.button-1 {border-radius:0px;}<\/style><a class=\"fusion-button button-flat fusion-button-default-size button-default button-1 fusion-button-default-span fusion-button-default-type\" target=\"_self\" href=\"https:\/\/www.scopus.com\/authid\/detail.uri?authorId=6507351181\"><span class=\"fusion-button-text\">Liste des publications<\/span><\/a><\/div><div class=\"fusion-clearfix\"><\/div><\/div><\/div><\/div><\/div><style type=\"text\/css\">.fusion-fullwidth.fusion-builder-row-1 a:not(.fusion-button):not(.fusion-builder-module-control):not(.fusion-social-network-icon):not(.fb-icon-element):not(.fusion-countdown-link):not(.fusion-rollover-link):not(.fusion-rollover-gallery):not(.fusion-button-bar):not(.add_to_cart_button):not(.show_details_button):not(.product_type_external):not(.fusion-quick-view):not(.fusion-rollover-title-link):not(.fusion-breadcrumb-link) , .fusion-fullwidth.fusion-builder-row-1 a:not(.fusion-button):not(.fusion-builder-module-control):not(.fusion-social-network-icon):not(.fb-icon-element):not(.fusion-countdown-link):not(.fusion-rollover-link):not(.fusion-rollover-gallery):not(.fusion-button-bar):not(.add_to_cart_button):not(.show_details_button):not(.product_type_external):not(.fusion-quick-view):not(.fusion-rollover-title-link):not(.fusion-breadcrumb-link):before, .fusion-fullwidth.fusion-builder-row-1 a:not(.fusion-button):not(.fusion-builder-module-control):not(.fusion-social-network-icon):not(.fb-icon-element):not(.fusion-countdown-link):not(.fusion-rollover-link):not(.fusion-rollover-gallery):not(.fusion-button-bar):not(.add_to_cart_button):not(.show_details_button):not(.product_type_external):not(.fusion-quick-view):not(.fusion-rollover-title-link):not(.fusion-breadcrumb-link):after {color: #25afb4;}.fusion-fullwidth.fusion-builder-row-1 a:not(.fusion-button):not(.fusion-builder-module-control):not(.fusion-social-network-icon):not(.fb-icon-element):not(.fusion-countdown-link):not(.fusion-rollover-link):not(.fusion-rollover-gallery):not(.fusion-button-bar):not(.add_to_cart_button):not(.show_details_button):not(.product_type_external):not(.fusion-quick-view):not(.fusion-rollover-title-link):not(.fusion-breadcrumb-link):hover, .fusion-fullwidth.fusion-builder-row-1 a:not(.fusion-button):not(.fusion-builder-module-control):not(.fusion-social-network-icon):not(.fb-icon-element):not(.fusion-countdown-link):not(.fusion-rollover-link):not(.fusion-rollover-gallery):not(.fusion-button-bar):not(.add_to_cart_button):not(.show_details_button):not(.product_type_external):not(.fusion-quick-view):not(.fusion-rollover-title-link):not(.fusion-breadcrumb-link):hover:before, .fusion-fullwidth.fusion-builder-row-1 a:not(.fusion-button):not(.fusion-builder-module-control):not(.fusion-social-network-icon):not(.fb-icon-element):not(.fusion-countdown-link):not(.fusion-rollover-link):not(.fusion-rollover-gallery):not(.fusion-button-bar):not(.add_to_cart_button):not(.show_details_button):not(.product_type_external):not(.fusion-quick-view):not(.fusion-rollover-title-link):not(.fusion-breadcrumb-link):hover:after {color: #9e9e9e;}.fusion-fullwidth.fusion-builder-row-1 .pagination a.inactive:hover, .fusion-fullwidth.fusion-builder-row-1 .fusion-filters .fusion-filter.fusion-active a {border-color: #9e9e9e;}.fusion-fullwidth.fusion-builder-row-1 .pagination .current {border-color: #9e9e9e; background-color: #9e9e9e;}.fusion-fullwidth.fusion-builder-row-1 .fusion-filters .fusion-filter.fusion-active a, .fusion-fullwidth.fusion-builder-row-1 .fusion-date-and-formats .fusion-format-box, .fusion-fullwidth.fusion-builder-row-1 .fusion-popover, .fusion-fullwidth.fusion-builder-row-1 .tooltip-shortcode {color: #9e9e9e;}#main .fusion-fullwidth.fusion-builder-row-1 .post .blog-shortcode-post-title a:hover {color: #9e9e9e;}<\/style>\n","protected":false},"excerpt":{"rendered":"","protected":false},"author":1,"featured_media":0,"parent":2193,"menu_order":0,"comment_status":"closed","ping_status":"closed","template":"","meta":{"footnotes":""},"categories":[1006],"tags":[2176,2182,2184,2180,2174,2178],"class_list":["post-3416","page","type-page","status-publish","hentry","category-membre-regulier","tag-biochimie","tag-biochimie-des-algues-vertes","tag-biotechnologie-algale","tag-chimie-environnementale","tag-david-dewez-fr","tag-toxicologie-cellulaire"],"_links":{"self":[{"href":"https:\/\/nanoqam.ca\/wp\/wp-json\/wp\/v2\/pages\/3416","targetHints":{"allow":["GET"]}}],"collection":[{"href":"https:\/\/nanoqam.ca\/wp\/wp-json\/wp\/v2\/pages"}],"about":[{"href":"https:\/\/nanoqam.ca\/wp\/wp-json\/wp\/v2\/types\/page"}],"author":[{"embeddable":true,"href":"https:\/\/nanoqam.ca\/wp\/wp-json\/wp\/v2\/users\/1"}],"replies":[{"embeddable":true,"href":"https:\/\/nanoqam.ca\/wp\/wp-json\/wp\/v2\/comments?post=3416"}],"version-history":[{"count":7,"href":"https:\/\/nanoqam.ca\/wp\/wp-json\/wp\/v2\/pages\/3416\/revisions"}],"predecessor-version":[{"id":6092,"href":"https:\/\/nanoqam.ca\/wp\/wp-json\/wp\/v2\/pages\/3416\/revisions\/6092"}],"up":[{"embeddable":true,"href":"https:\/\/nanoqam.ca\/wp\/wp-json\/wp\/v2\/pages\/2193"}],"wp:attachment":[{"href":"https:\/\/nanoqam.ca\/wp\/wp-json\/wp\/v2\/media?parent=3416"}],"wp:term":[{"taxonomy":"category","embeddable":true,"href":"https:\/\/nanoqam.ca\/wp\/wp-json\/wp\/v2\/categories?post=3416"},{"taxonomy":"post_tag","embeddable":true,"href":"https:\/\/nanoqam.ca\/wp\/wp-json\/wp\/v2\/tags?post=3416"}],"curies":[{"name":"wp","href":"https:\/\/api.w.org\/{rel}","templated":true}]}}