{"id":11,"date":"2016-11-01T15:39:46","date_gmt":"2016-11-01T15:39:46","guid":{"rendered":"http:\/\/nanoqam.ca\/wp\/?page_id=11"},"modified":"2020-10-30T10:13:11","modified_gmt":"2020-10-30T14:13:11","slug":"contact","status":"publish","type":"page","link":"https:\/\/nanoqam.ca\/wp\/contact\/","title":{"rendered":"Nous joindre"},"content":{"rendered":"<p><div class=\"fusion-fullwidth fullwidth-box fusion-builder-row-1 hundred-percent-fullwidth non-hundred-percent-height-scrolling\"  style='background-color: #f8f8f8;background-position: center center;background-repeat: no-repeat;padding-top:100px;padding-right:0px;padding-bottom:100px;padding-left:0px;'><div class=\"fusion-builder-row fusion-row \"><div  class=\"fusion-layout-column fusion_builder_column fusion_builder_column_1_2 fusion-builder-column-0 fusion-one-half fusion-column-first 1_2\"  style='margin-top:0px;margin-bottom:0px;width:50%;width:calc(50% - ( ( 4% ) * 0.5 ) );margin-right: 4%;'><div class=\"fusion-column-wrapper\" style=\"padding: 0px 6% 0px 6%;background-position:left top;background-repeat:no-repeat;-webkit-background-size:cover;-moz-background-size:cover;-o-background-size:cover;background-size:cover;\"   data-bg-url=\"\"><div class=\"fusion-text\"><h2>Nous contacter<\/h2>\n<\/div><div class=\"fusion-sep-clear\"><\/div><div class=\"fusion-separator fusion-full-width-sep sep-none\" style=\"margin-left: auto;margin-right: auto;margin-top:10px;\"><\/div><div class=\"fusion-text\"><p>NanoQAM est un centre de recherche d\u2019importance majeure sur les mat\u00e9riaux et des microsyst\u00e8me.\u00a0 Notre expertise et notre infrastructure sont accessibles \u00e0 la communaut\u00e9 scientifique, aussi bien acad\u00e9mique qu\u2019industrielle, que cela soit au niveau de la grande r\u00e9gion de Montr\u00e9al qu&rsquo;\u00e0 l&rsquo;\u00e9chelle du Qu\u00e9bec, du Canada ou \u00e0 l&rsquo;international.<\/p>\n<p><strong>Heures d&rsquo;ouverture<\/strong><br \/>\nDu lundi au Vendredi de 8H30 \u00e0 16H30<\/p>\n<\/div><div class=\"fusion-sep-clear\"><\/div><div class=\"fusion-separator fusion-full-width-sep sep-none\" style=\"margin-left: auto;margin-right: auto;margin-top:10px;\"><\/div><div class=\"fusion-builder-row fusion-builder-row-inner fusion-row \"><div  class=\"fusion-layout-column fusion_builder_column fusion_builder_column_1_2 fusion-builder-nested-column-1 fusion-one-half fusion-column-first 1_2\"  style='margin-top: 0px;margin-bottom: 0px;width:50%;width:calc(50% - ( ( 4% ) * 0.5 ) );margin-right:4%;'>\n\t\t\t\t\t<div class=\"fusion-column-wrapper fusion-column-wrapper-1\" style=\"padding: 0px 0px 0px 0px;background-position:left top;background-repeat:no-repeat;-webkit-background-size:cover;-moz-background-size:cover;-o-background-size:cover;background-size:cover;\" data-bg-url=\"\">\n\t\t\t\t\t\t<div class=\"imageframe-liftup\"><span class=\"fusion-imageframe imageframe-none imageframe-1\"><a href=\"https:\/\/nanoqam.ca\/wp\/wp-content\/uploads\/2016\/11\/9.jpg\" class=\"fusion-lightbox\" data-rel=\"iLightbox[8ac2cc00dcc8512fdd4]\" data-title=\"9\" title=\"9\"><img loading=\"lazy\" decoding=\"async\" src=\"https:\/\/nanoqam.ca\/wp\/wp-content\/uploads\/2016\/11\/9.jpg\" width=\"800\" height=\"600\" alt=\"\" class=\"img-responsive wp-image-277\"\/><\/a><\/span><\/div>\n\n\t\t\t\t\t<\/div>\n\t\t\t\t<\/div><div  class=\"fusion-layout-column fusion_builder_column fusion_builder_column_1_2 fusion-builder-nested-column-2 fusion-one-half fusion-column-last 1_2\"  style='margin-top: 0px;margin-bottom: 0px;width:50%;width:calc(50% - ( ( 4% ) * 0.5 ) );'>\n\t\t\t\t\t<div class=\"fusion-column-wrapper fusion-column-wrapper-2\" style=\"padding: 0px 0px 0px 0px;background-position:left top;background-repeat:no-repeat;-webkit-background-size:cover;-moz-background-size:cover;-o-background-size:cover;background-size:cover;\" data-bg-url=\"\">\n\t\t\t\t\t\t<div class=\"fusion-text\"><p><strong>Centre de Recherche NanoQAM<\/strong><br \/>\nUniversit\u00e9 du Qu\u00e9bec \u00e0 Montr\u00e9al<br \/>\n201, av. du Pr\u00e9sident-Kennedy, Montr\u00e9al<br \/>\nH2X 3Y7, Montr\u00e9al (Qu\u00e9bec)<\/p>\n<\/div><div class=\"fusion-sep-clear\"><\/div><div class=\"fusion-separator fusion-full-width-sep sep-none\" style=\"margin-left: auto;margin-right: auto;margin-top:7px;\"><\/div><ul class=\"fusion-checklist fusion-checklist-1\" style=\"font-size:18px;line-height:30.6px;\"><li class=\"fusion-li-item\"><span style=\"height:30.6px;width:30.6px;margin-right:12.6px;\" class=\"icon-wrapper circle-no\"><i class=\"fusion-li-icon fa-phone fas\" style=\"color:#25afb4;\"><\/i><\/span><div class=\"fusion-li-item-content\" style=\"margin-left:43.2px;\">\n<p><a href=\"tel:\/\/+15555551212\">+1 (514) 817-1351<\/a><\/p>\n<\/div><\/li><li class=\"fusion-li-item\"><span style=\"height:30.6px;width:30.6px;margin-right:12.6px;\" class=\"icon-wrapper circle-no\"><i class=\"fusion-li-icon fa-envelope far\" style=\"color:#25afb4;\"><\/i><\/span><div class=\"fusion-li-item-content\" style=\"margin-left:43.2px;\"><a href=\"mailto:nanoqam@uqam.ca\">nanoqam@uqam.ca<\/a><\/div><\/li><li class=\"fusion-li-item\"><span style=\"height:30.6px;width:30.6px;margin-right:12.6px;\" class=\"icon-wrapper circle-no\"><i class=\"fusion-li-icon fa-street-view fas\" style=\"color:#25afb4;\"><\/i><\/span><div class=\"fusion-li-item-content\" style=\"margin-left:43.2px;\"><a href=\"https:\/\/www.google.com\/maps\/search\/nanoqam\/@45.5109132,-73.5674594,17z\/data=!3m1!4b1\" target=\"_blank\" rel=\"noopener noreferrer\">Nous rejoindre<\/a><\/div><\/li><li class=\"fusion-li-item\"><span style=\"height:30.6px;width:30.6px;margin-right:12.6px;\" class=\"icon-wrapper circle-no\"><i class=\"fusion-li-icon fa-globe fas\" style=\"color:#25afb4;\"><\/i><\/span><div class=\"fusion-li-item-content\" style=\"margin-left:43.2px;\"><a href=\"https:\/\/nanoqam.ca\/wp\/\" target=\"_blank\" rel=\"noopener noreferrer\">Partagez notre site Web<\/a><\/div><\/li><\/ul>\n\n\t\t\t\t\t<\/div>\n\t\t\t\t<\/div><\/div><div class=\"fusion-builder-row fusion-builder-row-inner fusion-row \"><div  class=\"fusion-layout-column fusion_builder_column fusion_builder_column_1_2 fusion-builder-nested-column-3 fusion-one-half fusion-column-first 1_2\"  style='margin-top: 60px;margin-bottom: 0px;width:50%;width:calc(50% - ( ( 4% ) * 0.5 ) );margin-right:4%;'>\n\t\t\t\t\t<div class=\"fusion-column-wrapper fusion-column-wrapper-3\" style=\"padding: 0px 0px 0px 0px;background-position:left top;background-repeat:no-repeat;-webkit-background-size:cover;-moz-background-size:cover;-o-background-size:cover;background-size:cover;\" data-bg-url=\"\">\n\t\t\t\t\t\t<div class=\"fusion-text\"><p><strong>Adresse postale<\/strong><br \/>\nCentre de Recherche NanoQAM<br \/>\nUniversit\u00e9 du Qu\u00e9bec \u00e0 Montr\u00e9al<br \/>\nCase postale 8888, Succ. Centre-ville<br \/>\nMontr\u00e9al (Qu\u00e9bec), Canada H3C 3P8<\/p>\n<\/div>\n\n\t\t\t\t\t<\/div>\n\t\t\t\t<\/div><div  class=\"fusion-layout-column fusion_builder_column fusion_builder_column_1_2 fusion-builder-nested-column-4 fusion-one-half fusion-column-last 1_2\"  style='margin-top: 60px;margin-bottom: 0px;width:50%;width:calc(50% - ( ( 4% ) * 0.5 ) );'>\n\t\t\t\t\t<div class=\"fusion-column-wrapper fusion-column-wrapper-4\" style=\"padding: 0px 0px 0px 0px;background-position:left top;background-repeat:no-repeat;-webkit-background-size:cover;-moz-background-size:cover;-o-background-size:cover;background-size:cover;\" data-bg-url=\"\">\n\t\t\t\t\t\t<div class=\"fusion-text\"><p><strong>Adresse d&rsquo;exp\u00e9dition<\/strong><br \/>\nCentre de Recherche NanoQAM<br \/>\nUniversit\u00e9 du Qu\u00e9bec \u00e0 Montr\u00e9al<br \/>\n2005, rue Jeanne-Mance<br \/>\nH2X 2J6, Montr\u00e9al (Qu\u00e9bec)<\/p>\n<\/div>\n\n\t\t\t\t\t<\/div>\n\t\t\t\t<\/div><\/div><div class=\"fusion-clearfix\"><\/div><\/div><\/div><div  class=\"fusion-layout-column fusion_builder_column fusion_builder_column_1_2 fusion-builder-column-1 fusion-one-half fusion-column-last 1_2\"  style='margin-top:0px;margin-bottom:0px;width:50%;width:calc(50% - ( ( 4% ) * 0.5 ) );'><div class=\"fusion-column-wrapper\" style=\"padding: 0px 6% 0px 6%;background-position:left top;background-repeat:no-repeat;-webkit-background-size:cover;-moz-background-size:cover;-o-background-size:cover;background-size:cover;\"   data-bg-url=\"\"><div class=\"fusion-text\"><h2>Comment pouvons-nous vous aider?<\/h2>\n<\/div><div class=\"fusion-text\"><p>Vous avez des questions, des projets concernant les nanomat\u00e9riaux, Nous sommes ici pour r\u00e9pondre \u00e0 toutes vos questions concernant les nanomat\u00e9riaux et leur caract\u00e9risations. Pour cela, contactez-nous directement \u00e0 tout moment.<\/p>\n<\/div><div class=\"fusion-sep-clear\"><\/div><div class=\"fusion-separator fusion-full-width-sep sep-none\" style=\"margin-left: auto;margin-right: auto;margin-top:30px;\"><\/div>\n<div class=\"wpcf7 no-js\" id=\"wpcf7-f5-o1\" lang=\"fr-FR\" dir=\"ltr\" data-wpcf7-id=\"5\">\n<div class=\"screen-reader-response\"><p role=\"status\" aria-live=\"polite\" aria-atomic=\"true\"><\/p> <ul><\/ul><\/div>\n<form action=\"\/wp\/wp-json\/wp\/v2\/pages\/11#wpcf7-f5-o1\" method=\"post\" class=\"wpcf7-form init\" aria-label=\"Formulaire de contact\" novalidate=\"novalidate\" data-status=\"init\">\n<fieldset class=\"hidden-fields-container\"><input type=\"hidden\" name=\"_wpcf7\" value=\"5\" \/><input type=\"hidden\" name=\"_wpcf7_version\" value=\"6.1.5\" \/><input type=\"hidden\" name=\"_wpcf7_locale\" value=\"fr_FR\" \/><input type=\"hidden\" name=\"_wpcf7_unit_tag\" value=\"wpcf7-f5-o1\" \/><input type=\"hidden\" name=\"_wpcf7_container_post\" value=\"0\" \/><input type=\"hidden\" name=\"_wpcf7_posted_data_hash\" value=\"\" \/>\n<\/fieldset>\n<p><label><span class=\"wpcf7-form-control-wrap\" data-name=\"your-name\"><input size=\"40\" maxlength=\"400\" class=\"wpcf7-form-control wpcf7-text wpcf7-validates-as-required\" aria-required=\"true\" aria-invalid=\"false\" placeholder=\"Nom, Pr\u00e9nom\" value=\"\" type=\"text\" name=\"your-name\" \/><\/span><\/label>\n<\/p>\n<p><label><span class=\"wpcf7-form-control-wrap\" data-name=\"your-email\"><input size=\"40\" maxlength=\"400\" class=\"wpcf7-form-control wpcf7-email wpcf7-validates-as-required wpcf7-text wpcf7-validates-as-email\" aria-required=\"true\" aria-invalid=\"false\" placeholder=\"Courriel\" value=\"\" type=\"email\" name=\"your-email\" \/><\/span><\/label>\n<\/p>\n<p><label><span class=\"wpcf7-form-control-wrap\" data-name=\"your-subject\"><input size=\"40\" maxlength=\"400\" class=\"wpcf7-form-control wpcf7-text wpcf7-validates-as-required\" aria-required=\"true\" aria-invalid=\"false\" placeholder=\"Comment pouvons nous vous aider?\" value=\"\" type=\"text\" name=\"your-subject\" \/><\/span><\/label>\n<\/p>\n<p><label><span class=\"wpcf7-form-control-wrap\" data-name=\"your-message\"><textarea cols=\"40\" rows=\"10\" maxlength=\"2000\" class=\"wpcf7-form-control wpcf7-textarea wpcf7-validates-as-required\" aria-required=\"true\" aria-invalid=\"false\" placeholder=\"Votre message\" name=\"your-message\"><\/textarea><\/span> <\/label>\n<\/p>\n<p><input class=\"wpcf7-form-control wpcf7-submit has-spinner\" type=\"submit\" value=\"Envoyer\" \/>\n<\/p><div class=\"fusion-alert alert custom alert-custom fusion-alert-center wpcf7-response-output fusion-alert-capitalize alert-dismissable\" style=\"border-width:1px;\"><button type=\"button\" class=\"close toggle-alert\" data-dismiss=\"alert\" aria-hidden=\"true\">&times;<\/button><div class=\"fusion-alert-content-wrapper\"><span class=\"fusion-alert-content\"><\/span><\/div><\/div>\n<\/form>\n<\/div>\n<div class=\"fusion-clearfix\"><\/div><\/div><\/div><\/div><\/div><div class=\"fusion-fullwidth fullwidth-box fusion-builder-row-2 hundred-percent-fullwidth non-hundred-percent-height-scrolling\"  style='background-color: rgba(255,255,255,0);background-position: center center;background-repeat: no-repeat;'><div class=\"fusion-builder-row fusion-row \"><div  class=\"fusion-layout-column fusion_builder_column fusion_builder_column_1_1 fusion-builder-column-2 fusion-one-full fusion-column-first fusion-column-last 1_1\"  style='margin-top:0px;margin-bottom:0px;'><div class=\"fusion-column-wrapper\" style=\"padding: 0px 0px 0px 0px;background-position:left top;background-repeat:no-repeat;-webkit-background-size:cover;-moz-background-size:cover;-o-background-size:cover;background-size:cover;\"   data-bg-url=\"\"><div class=\"mapouter\"><div class=\"gmap_canvas\"><iframe loading=\"lazy\" width=\"100%\" height=\"600\" id=\"gmap_canvas\" src=\"https:\/\/maps.google.com\/maps?q=nanoqam&t=&hl=fr&z=13&ie=UTF8&iwloc=&output=embed\" frameborder=\"0\" scrolling=\"no\" marginheight=\"0\" marginwidth=\"0\"><\/iframe><\/div><style>.mapouter{position:relative;text-align:right;height:600px;width:100%;}.gmap_canvas {overflow:hidden;background:none!important;height:600px;width:100%;}<\/style><\/div><div class=\"fusion-clearfix\"><\/div><\/div><\/div><\/div><\/div><div class=\"fusion-fullwidth fullwidth-box fusion-builder-row-3 hundred-percent-fullwidth non-hundred-percent-height-scrolling\"  style='background-color: rgba(255,255,255,0);background-position: center center;background-repeat: no-repeat;'><div class=\"fusion-builder-row fusion-row \"><div  class=\"fusion-layout-column fusion_builder_column fusion_builder_column_1_2 fusion-builder-column-3 fusion-one-half fusion-column-first 1_2\"  style='margin-top:0px;margin-bottom:0px;width:50%;width:calc(50% - ( ( 0 ) * 0.5 ) );margin-right: 0px;'><div class=\"fusion-column-wrapper\" style=\"background-color:#f5f5f5;padding: 100px 20% 100px 20%;background-position:left top;background-repeat:no-repeat;-webkit-background-size:cover;-moz-background-size:cover;-o-background-size:cover;background-size:cover;\"   data-bg-url=\"\"><div class=\"fusion-text\"><h2 style=\"text-align: center; margin-bottom: 20px;\">Expertises<\/h2>\n<\/div><div class=\"fusion-text\"><p style=\"text-align: center;\">Notre plateforme dispose de laboratoires de synth\u00e8se en chimie avanc\u00e9e, de techniques exp\u00e9rimentales pour la caract\u00e9risation nano\/microscopique des mat\u00e9riaux, et d\u2019une salle blanche contenant des \u00e9quipements qui permettent l\u2019int\u00e9gration des mat\u00e9riaux dans des dispositifs de taille microm\u00e9trique.<\/p>\n<\/div><div class=\"fusion-text\"><p style=\"text-align: center;\"><a style=\"padding-bottom: 10px; font-family: 'Montserrat'; font-size: 14px; font-weight: 400; letter-spacing: 1px; border-bottom: solid 1px #bbbdc4; color: #858a9f;\" href=\"https:\/\/nanoqam.ca\/wp\/about\/\">NOTRE APPROCHE<\/a><\/p>\n<\/div><div class=\"fusion-clearfix\"><\/div><\/div><\/div><div  class=\"fusion-layout-column fusion_builder_column fusion_builder_column_1_2 fusion-builder-column-4 fusion-one-half fusion-column-last 1_2\"  style='margin-top:0px;margin-bottom:0px;width:50%;width:calc(50% - ( ( 0 ) * 0.5 ) );'><div class=\"fusion-column-wrapper\" style=\"background-color:#ededed;padding: 100px 20% 100px 20%;background-position:left top;background-repeat:no-repeat;-webkit-background-size:cover;-moz-background-size:cover;-o-background-size:cover;background-size:cover;\"   data-bg-url=\"\"><div class=\"fusion-text\"><h2 style=\"text-align: center; margin-bottom: 20px;\">Analyses<\/h2>\n<\/div><div class=\"fusion-text\"><p style=\"text-align: center;\">Nous offrons des services de caract\u00e9risation et d\u2019analyses en mettant \u00e0 disposition aux autres institutions acad\u00e9miques et aux industriels notre infrastructure et nos \u00e9quipements.<\/p>\n<\/div><div class=\"fusion-text\"><p style=\"text-align: center;\"><a style=\"padding-bottom: 10px; font-family: 'Montserrat'; font-size: 14px; font-weight: 400; letter-spacing: 1px; border-bottom: solid 1px #bbbdc4; color: #858a9f;\" href=\"https:\/\/nanoqam.ca\/wp\/services\/\">SERVICES D&rsquo;ANALYSES<\/a><\/p>\n<\/div><div class=\"fusion-clearfix\"><\/div><\/div><\/div><\/div><\/div><\/p>\n","protected":false},"excerpt":{"rendered":"","protected":false},"author":1,"featured_media":0,"parent":0,"menu_order":0,"comment_status":"closed","ping_status":"closed","template":"100-width.php","meta":{"footnotes":""},"categories":[],"tags":[267,268,269],"class_list":["post-11","page","type-page","status-publish","hentry","tag-adresses","tag-contact","tag-nous-joindre"],"_links":{"self":[{"href":"https:\/\/nanoqam.ca\/wp\/wp-json\/wp\/v2\/pages\/11","targetHints":{"allow":["GET"]}}],"collection":[{"href":"https:\/\/nanoqam.ca\/wp\/wp-json\/wp\/v2\/pages"}],"about":[{"href":"https:\/\/nanoqam.ca\/wp\/wp-json\/wp\/v2\/types\/page"}],"author":[{"embeddable":true,"href":"https:\/\/nanoqam.ca\/wp\/wp-json\/wp\/v2\/users\/1"}],"replies":[{"embeddable":true,"href":"https:\/\/nanoqam.ca\/wp\/wp-json\/wp\/v2\/comments?post=11"}],"version-history":[{"count":27,"href":"https:\/\/nanoqam.ca\/wp\/wp-json\/wp\/v2\/pages\/11\/revisions"}],"predecessor-version":[{"id":5128,"href":"https:\/\/nanoqam.ca\/wp\/wp-json\/wp\/v2\/pages\/11\/revisions\/5128"}],"wp:attachment":[{"href":"https:\/\/nanoqam.ca\/wp\/wp-json\/wp\/v2\/media?parent=11"}],"wp:term":[{"taxonomy":"category","embeddable":true,"href":"https:\/\/nanoqam.ca\/wp\/wp-json\/wp\/v2\/categories?post=11"},{"taxonomy":"post_tag","embeddable":true,"href":"https:\/\/nanoqam.ca\/wp\/wp-json\/wp\/v2\/tags?post=11"}],"curies":[{"name":"wp","href":"https:\/\/api.w.org\/{rel}","templated":true}]}}